{"id":50,"date":"2020-11-04T16:11:16","date_gmt":"2020-11-04T14:11:16","guid":{"rendered":"https:\/\/podcast.aalto.fi\/parashetkipaivassa\/?page_id=50"},"modified":"2021-03-24T17:55:07","modified_gmt":"2021-03-24T15:55:07","slug":"episodes","status":"publish","type":"page","link":"https:\/\/podcast.aalto.fi\/parashetkipaivassa\/episodes\/","title":{"rendered":"Jaksot"},"content":{"rendered":"\n<p>Paras hetki p\u00e4iv\u00e4ss\u00e4. Aallon psykologipodcast.<\/p>\n\n\n\n\tSorry, episodes not found\n\n\n<div class=\"wp-block-file\"><a href=\"https:\/\/podcast.aalto.fi\/parashetkipaivassa\/wp-content\/uploads\/2020\/11\/Psykologipodcast_PHP_Henna_Paula_kansikuva_syksy2020.jpeg\" class=\"wp-block-file__button\" download>Download<\/a><\/div>\n\n\n\n<p class=\"wp-block-seriously-simple-podcasting-audio-player\"><span><\/span><\/p>\n\n\n\n<p><\/p>\n","protected":false},"excerpt":{"rendered":"<p>Paras hetki p\u00e4iv\u00e4ss\u00e4. Aallon psykologipodcast.<\/p>\n","protected":false},"author":1,"featured_media":136,"parent":0,"menu_order":0,"comment_status":"closed","ping_status":"closed","template":"","meta":{"episode_type":"","audio_file":"","cover_image":"","cover_image_id":"","duration":"","filesize":"","date_recorded":"","explicit":"","block":"","itunes_episode_number":"","itunes_title":"","itunes_season_number":"","itunes_episode_type":"","filesize_raw":""},"_links":{"self":[{"href":"https:\/\/podcast.aalto.fi\/parashetkipaivassa\/wp-json\/wp\/v2\/pages\/50"}],"collection":[{"href":"https:\/\/podcast.aalto.fi\/parashetkipaivassa\/wp-json\/wp\/v2\/pages"}],"about":[{"href":"https:\/\/podcast.aalto.fi\/parashetkipaivassa\/wp-json\/wp\/v2\/types\/page"}],"author":[{"embeddable":true,"href":"https:\/\/podcast.aalto.fi\/parashetkipaivassa\/wp-json\/wp\/v2\/users\/1"}],"replies":[{"embeddable":true,"href":"https:\/\/podcast.aalto.fi\/parashetkipaivassa\/wp-json\/wp\/v2\/comments?post=50"}],"version-history":[{"count":8,"href":"https:\/\/podcast.aalto.fi\/parashetkipaivassa\/wp-json\/wp\/v2\/pages\/50\/revisions"}],"predecessor-version":[{"id":101,"href":"https:\/\/podcast.aalto.fi\/parashetkipaivassa\/wp-json\/wp\/v2\/pages\/50\/revisions\/101"}],"wp:featuredmedia":[{"embeddable":true,"href":"https:\/\/podcast.aalto.fi\/parashetkipaivassa\/wp-json\/wp\/v2\/media\/136"}],"wp:attachment":[{"href":"https:\/\/podcast.aalto.fi\/parashetkipaivassa\/wp-json\/wp\/v2\/media?parent=50"}],"curies":[{"name":"wp","href":"https:\/\/api.w.org\/{rel}","templated":true}]}}