{"id":2,"date":"2019-08-28T10:12:33","date_gmt":"2019-08-28T10:12:33","guid":{"rendered":"http:\/\/sites2.org.aalto.fi\/ets-symposium\/?page_id=2"},"modified":"2021-05-24T15:30:41","modified_gmt":"2021-05-24T13:30:41","slug":"sample-page","status":"publish","type":"page","link":"https:\/\/podcast.aalto.fi\/kuituus\/","title":{"rendered":"Kuituus &#8211; Poistotekstiilist\u00e4 tuotteeksi podcast"},"content":{"rendered":"\n<script>window.location.href = \"https:\/\/www.aalto.fi\/fi\/podcastit\/kuituus\"<\/script>\n\n\n\n<p>Suomessa poistetaan k\u00e4yt\u00f6st\u00e4 100 000 tonnia tekstiili\u00e4 vuodessa. Poistotekstiilin erillisker\u00e4ys alkaa vuonna 2023. Kuituus-podcastissa puhumme siit\u00e4, miksi yrityksen kannattaa kiinnostua kierr\u00e4tetyst\u00e4 tekstiilikuidusta raaka-aineena. K\u00e4sittelemme aihetta paitsi kierr\u00e4tetyn tekstiilikuidun ominaisuuksien kautta, my\u00f6s laajemmin liiketoiminnan ja muutoksen n\u00e4k\u00f6kulmasta, yritysesimerkkien kautta. Vierainamme on tutkijoita ja edell\u00e4k\u00e4vij\u00e4yrityksi\u00e4. Tervetuloa kuuntelemaan!<\/p>\n\n\n\n<p>Podcastit ovat osa Kuituus -hanketta, jonka tavoitteena on innostaa eri alojen valmistavan teollisuuden yrityksi\u00e4 tutustumaan kierr\u00e4tettyyn tekstiilikuituun tuotteiden raaka-aineena. Tieto on jaoteltu nelj\u00e4n teeman alle &#8211; miksi, mit\u00e4, miten ja ketk\u00e4. Jokaisen teeman alla on yhdest\u00e4 kahteen podcastia.<\/p>\n\n\n\n<p>Podcastien lis\u00e4ksi Kuituuden nettisivustolta www.kuituus.aalto.fi l\u00f6ytyy videoita ja muuta materiaalia aihepiiri\u00e4 syvent\u00e4m\u00e4\u00e4n.<\/p>\n\n\n\n<p>Podcastit juontaa Kuituus-hankkeen vet\u00e4j\u00e4 Sini Suomalainen. Hankkeen rahoittaja on Tor ja Maj Nesslingin s\u00e4\u00e4ti\u00f6.<\/p>\n\n\n\n<p>Saavutettavuustekstitykset jaksoihin julkaistaan sivulla:<br><a href=\"https:\/\/www.aalto.fi\/fi\/podcastit\/kuituus\">https:\/\/www.aalto.fi\/fi\/podcastit\/kuituus<\/a><\/p>\n","protected":false},"excerpt":{"rendered":"<p>Suomessa poistetaan k\u00e4yt\u00f6st\u00e4 100 000 tonnia tekstiili\u00e4 vuodessa. Poistotekstiilin erillisker\u00e4ys alkaa vuonna 2023. Kuituus-podcastissa puhumme siit\u00e4, miksi yrityksen kannattaa kiinnostua kierr\u00e4tetyst\u00e4 tekstiilikuidusta raaka-aineena. K\u00e4sittelemme aihetta paitsi kierr\u00e4tetyn tekstiilikuidun ominaisuuksien kautta, my\u00f6s laajemmin liiketoiminnan ja muutoksen n\u00e4k\u00f6kulmasta, yritysesimerkkien kautta. Vierainamme on tutkijoita ja edell\u00e4k\u00e4vij\u00e4yrityksi\u00e4. Tervetuloa kuuntelemaan! Podcastit ovat osa Kuituus -hanketta, jonka tavoitteena on innostaa eri &hellip; <\/p>\n<p class=\"link-more\"><a href=\"https:\/\/podcast.aalto.fi\/kuituus\/\" class=\"more-link\">Continue reading<span class=\"screen-reader-text\"> &#8220;Kuituus &#8211; Poistotekstiilist\u00e4 tuotteeksi podcast&#8221;<\/span><\/a><\/p>\n","protected":false},"author":1,"featured_media":28,"parent":0,"menu_order":0,"comment_status":"closed","ping_status":"open","template":"","meta":{"episode_type":"","audio_file":"","cover_image":"","cover_image_id":"","duration":"","filesize":"","date_recorded":"","explicit":"","block":"","itunes_episode_number":"","itunes_title":"","itunes_season_number":"","itunes_episode_type":"","filesize_raw":""},"_links":{"self":[{"href":"https:\/\/podcast.aalto.fi\/kuituus\/wp-json\/wp\/v2\/pages\/2"}],"collection":[{"href":"https:\/\/podcast.aalto.fi\/kuituus\/wp-json\/wp\/v2\/pages"}],"about":[{"href":"https:\/\/podcast.aalto.fi\/kuituus\/wp-json\/wp\/v2\/types\/page"}],"author":[{"embeddable":true,"href":"https:\/\/podcast.aalto.fi\/kuituus\/wp-json\/wp\/v2\/users\/1"}],"replies":[{"embeddable":true,"href":"https:\/\/podcast.aalto.fi\/kuituus\/wp-json\/wp\/v2\/comments?post=2"}],"version-history":[{"count":10,"href":"https:\/\/podcast.aalto.fi\/kuituus\/wp-json\/wp\/v2\/pages\/2\/revisions"}],"predecessor-version":[{"id":99,"href":"https:\/\/podcast.aalto.fi\/kuituus\/wp-json\/wp\/v2\/pages\/2\/revisions\/99"}],"wp:featuredmedia":[{"embeddable":true,"href":"https:\/\/podcast.aalto.fi\/kuituus\/wp-json\/wp\/v2\/media\/28"}],"wp:attachment":[{"href":"https:\/\/podcast.aalto.fi\/kuituus\/wp-json\/wp\/v2\/media?parent=2"}],"curies":[{"name":"wp","href":"https:\/\/api.w.org\/{rel}","templated":true}]}}